{"id":6533,"date":"2023-04-26T15:10:53","date_gmt":"2023-04-26T13:10:53","guid":{"rendered":"https:\/\/www.casolin.com\/azienda\/"},"modified":"2023-05-26T12:24:07","modified_gmt":"2023-05-26T10:24:07","slug":"enterprise","status":"publish","type":"page","link":"https:\/\/www.casolin.com\/fr\/enterprise\/","title":{"rendered":"L&rsquo;enterprise"},"content":{"rendered":"\t\t<div data-elementor-type=\"wp-page\" data-elementor-id=\"6533\" class=\"elementor elementor-6533 elementor-483\" data-elementor-post-type=\"page\">\n\t\t\t\t\t\t<section class=\"elementor-section elementor-top-section elementor-element elementor-element-046f09c elementor-section-full_width elementor-section-stretched elementor-section-content-middle elementor-section-height-default elementor-section-height-default\" data-id=\"046f09c\" data-element_type=\"section\" data-e-type=\"section\" data-settings=\"{&quot;stretch_section&quot;:&quot;section-stretched&quot;}\">\n\t\t\t\t\t\t<div class=\"elementor-container elementor-column-gap-default\">\n\t\t\t\t\t<div class=\"elementor-column elementor-col-50 elementor-top-column elementor-element elementor-element-f941cc4\" data-id=\"f941cc4\" data-element_type=\"column\" data-e-type=\"column\" data-settings=\"{&quot;background_background&quot;:&quot;classic&quot;}\">\n\t\t\t<div class=\"elementor-widget-wrap elementor-element-populated\">\n\t\t\t\t\t\t<div class=\"elementor-element elementor-element-01bb05a elementor-widget-divider--view-line elementor-widget elementor-widget-divider\" data-id=\"01bb05a\" data-element_type=\"widget\" data-e-type=\"widget\" data-widget_type=\"divider.default\">\n\t\t\t\t<div class=\"elementor-widget-container\">\n\t\t\t\t\t\t\t<div class=\"elementor-divider\">\n\t\t\t<span class=\"elementor-divider-separator\">\n\t\t\t\t\t\t<\/span>\n\t\t<\/div>\n\t\t\t\t\t\t<\/div>\n\t\t\t\t<\/div>\n\t\t\t\t<div class=\"elementor-element elementor-element-dc5721e elementor-widget elementor-widget-text-editor\" data-id=\"dc5721e\" data-element_type=\"widget\" data-e-type=\"widget\" data-widget_type=\"text-editor.default\">\n\t\t\t\t<div class=\"elementor-widget-container\">\n\t\t\t\t\t\t\t\t\t<p>La soci\u00e9t\u00e9 Casolin<\/p>\t\t\t\t\t\t\t\t<\/div>\n\t\t\t\t<\/div>\n\t\t\t\t<div class=\"elementor-element elementor-element-0bb19da elementor-widget elementor-widget-text-editor\" data-id=\"0bb19da\" data-element_type=\"widget\" data-e-type=\"widget\" data-widget_type=\"text-editor.default\">\n\t\t\t\t<div class=\"elementor-widget-container\">\n\t\t\t\t\t\t\t\t\t<p>La soci\u00e9t\u00e9 Casolin, n\u00e9e dans le 1969 comme activit\u00e9 artisanale, a pris dans peu de temps une position remarquable dans le secteur des machines pour travailler le bois.<\/p><p>L\u2019excellente qualit\u00e9 du produit et le soin remarquable de l\u2019\u00e9quipe de travail ont port\u00e9 \u00e0 l\u2019accroissement de la capacit\u00e9 de production et \u00e0 la consolidation d\u2019un grand r\u00e9seau commercial soit en Italie que \u00e0 l\u2019\u00e9tranger.<\/p>\t\t\t\t\t\t\t\t<\/div>\n\t\t\t\t<\/div>\n\t\t\t\t\t<\/div>\n\t\t<\/div>\n\t\t\t\t<div class=\"elementor-column elementor-col-50 elementor-top-column elementor-element elementor-element-f76d1eb\" data-id=\"f76d1eb\" data-element_type=\"column\" data-e-type=\"column\" data-settings=\"{&quot;background_background&quot;:&quot;classic&quot;}\">\n\t\t\t<div class=\"elementor-widget-wrap elementor-element-populated\">\n\t\t\t\t\t\t<div class=\"elementor-element elementor-element-291f986 elementor-widget elementor-widget-image\" data-id=\"291f986\" data-element_type=\"widget\" data-e-type=\"widget\" data-widget_type=\"image.default\">\n\t\t\t\t<div class=\"elementor-widget-container\">\n\t\t\t\t\t\t\t\t\t\t\t\t\t\t\t<img fetchpriority=\"high\" decoding=\"async\" width=\"1280\" height=\"853\" src=\"https:\/\/www.casolin.com\/wp-content\/uploads\/2023\/05\/azienda-uffici-casolin.jpg\" class=\"attachment-full size-full wp-image-3640\" alt=\"\" srcset=\"https:\/\/www.casolin.com\/wp-content\/uploads\/2023\/05\/azienda-uffici-casolin.jpg 1280w, https:\/\/www.casolin.com\/wp-content\/uploads\/2023\/05\/azienda-uffici-casolin-300x200.jpg 300w, https:\/\/www.casolin.com\/wp-content\/uploads\/2023\/05\/azienda-uffici-casolin-1024x682.jpg 1024w, https:\/\/www.casolin.com\/wp-content\/uploads\/2023\/05\/azienda-uffici-casolin-768x512.jpg 768w, https:\/\/www.casolin.com\/wp-content\/uploads\/2023\/05\/azienda-uffici-casolin-219x146.jpg 219w, https:\/\/www.casolin.com\/wp-content\/uploads\/2023\/05\/azienda-uffici-casolin-50x33.jpg 50w, https:\/\/www.casolin.com\/wp-content\/uploads\/2023\/05\/azienda-uffici-casolin-113x75.jpg 113w\" sizes=\"(max-width:767px) 480px, (max-width:1280px) 100vw, 1280px\" \/>\t\t\t\t\t\t\t\t\t\t\t\t\t\t\t<\/div>\n\t\t\t\t<\/div>\n\t\t\t\t\t<\/div>\n\t\t<\/div>\n\t\t\t\t\t<\/div>\n\t\t<\/section>\n\t\t\t\t<section class=\"elementor-section elementor-top-section elementor-element elementor-element-f207a38 elementor-section-full_width elementor-section-content-middle elementor-section-stretched elementor-section-height-default elementor-section-height-default\" data-id=\"f207a38\" data-element_type=\"section\" data-e-type=\"section\" data-settings=\"{&quot;stretch_section&quot;:&quot;section-stretched&quot;,&quot;background_background&quot;:&quot;classic&quot;}\">\n\t\t\t\t\t\t\t<div class=\"elementor-background-overlay\"><\/div>\n\t\t\t\t\t\t\t<div class=\"elementor-container elementor-column-gap-default\">\n\t\t\t\t\t<div class=\"elementor-column elementor-col-50 elementor-top-column elementor-element elementor-element-81570a4 elementor-hidden-tablet elementor-hidden-mobile\" data-id=\"81570a4\" data-element_type=\"column\" data-e-type=\"column\">\n\t\t\t<div class=\"elementor-widget-wrap elementor-element-populated\">\n\t\t\t\t\t\t<div class=\"elementor-element elementor-element-ad07a9b elementor-widget elementor-widget-spacer\" data-id=\"ad07a9b\" data-element_type=\"widget\" data-e-type=\"widget\" data-widget_type=\"spacer.default\">\n\t\t\t\t<div class=\"elementor-widget-container\">\n\t\t\t\t\t\t\t<div class=\"elementor-spacer\">\n\t\t\t<div class=\"elementor-spacer-inner\"><\/div>\n\t\t<\/div>\n\t\t\t\t\t\t<\/div>\n\t\t\t\t<\/div>\n\t\t\t\t\t<\/div>\n\t\t<\/div>\n\t\t\t\t<div class=\"elementor-column elementor-col-50 elementor-top-column elementor-element elementor-element-ac564b0\" data-id=\"ac564b0\" data-element_type=\"column\" data-e-type=\"column\">\n\t\t\t<div class=\"elementor-widget-wrap elementor-element-populated\">\n\t\t\t\t\t\t<div class=\"elementor-element elementor-element-c356a38 elementor-widget-divider--view-line elementor-widget elementor-widget-divider\" data-id=\"c356a38\" data-element_type=\"widget\" data-e-type=\"widget\" data-widget_type=\"divider.default\">\n\t\t\t\t<div class=\"elementor-widget-container\">\n\t\t\t\t\t\t\t<div class=\"elementor-divider\">\n\t\t\t<span class=\"elementor-divider-separator\">\n\t\t\t\t\t\t<\/span>\n\t\t<\/div>\n\t\t\t\t\t\t<\/div>\n\t\t\t\t<\/div>\n\t\t\t\t<div class=\"elementor-element elementor-element-fac7792 elementor-widget elementor-widget-text-editor\" data-id=\"fac7792\" data-element_type=\"widget\" data-e-type=\"widget\" data-widget_type=\"text-editor.default\">\n\t\t\t\t<div class=\"elementor-widget-container\">\n\t\t\t\t\t\t\t\t\t<p>Mission<\/p>\t\t\t\t\t\t\t\t<\/div>\n\t\t\t\t<\/div>\n\t\t\t\t<div class=\"elementor-element elementor-element-6f98d8a elementor-widget elementor-widget-text-editor\" data-id=\"6f98d8a\" data-element_type=\"widget\" data-e-type=\"widget\" data-widget_type=\"text-editor.default\">\n\t\t\t\t<div class=\"elementor-widget-container\">\n\t\t\t\t\t\t\t\t\t<p>Nos machines, \u00e9quip\u00e9es avec composantes des meilleures marques dans le march\u00e9, passent un controle de qualit\u00e9 rigoureux pendant les differents travaux et aussi l\u2019 assemblage<\/p><p>La production Casolin se distingue surtout pour la simplicit\u00e9 et la consistance de sa ligne.<br \/>C\u2019est pour cette raison qu\u2019on peut satisfaire les attentes du march\u00e9 et on ne d\u00e9cevoit jamais les requets des clients, qui sont continuellement suivis aussi apr\u00e8s la vente du produit, par un service de consultation, adress\u00e9 aussi \u00e0 l\u2019enlevement et \u00e0 la gestion des parties de rechange qui sont delivr\u00e9es immediatement.<\/p>\t\t\t\t\t\t\t\t<\/div>\n\t\t\t\t<\/div>\n\t\t\t\t\t<\/div>\n\t\t<\/div>\n\t\t\t\t\t<\/div>\n\t\t<\/section>\n\t\t\t\t<section class=\"elementor-section elementor-top-section elementor-element elementor-element-0a356d0 elementor-section-full_width elementor-section-stretched elementor-section-content-middle elementor-section-height-default elementor-section-height-default\" data-id=\"0a356d0\" data-element_type=\"section\" data-e-type=\"section\" data-settings=\"{&quot;stretch_section&quot;:&quot;section-stretched&quot;}\">\n\t\t\t\t\t\t<div class=\"elementor-container elementor-column-gap-default\">\n\t\t\t\t\t<div class=\"elementor-column elementor-col-50 elementor-top-column elementor-element elementor-element-89db97f\" data-id=\"89db97f\" data-element_type=\"column\" data-e-type=\"column\" data-settings=\"{&quot;background_background&quot;:&quot;classic&quot;}\">\n\t\t\t<div class=\"elementor-widget-wrap elementor-element-populated\">\n\t\t\t\t\t\t<div class=\"elementor-element elementor-element-5bfa21b elementor-widget-divider--view-line elementor-widget elementor-widget-divider\" data-id=\"5bfa21b\" data-element_type=\"widget\" data-e-type=\"widget\" data-widget_type=\"divider.default\">\n\t\t\t\t<div class=\"elementor-widget-container\">\n\t\t\t\t\t\t\t<div class=\"elementor-divider\">\n\t\t\t<span class=\"elementor-divider-separator\">\n\t\t\t\t\t\t<\/span>\n\t\t<\/div>\n\t\t\t\t\t\t<\/div>\n\t\t\t\t<\/div>\n\t\t\t\t<div class=\"elementor-element elementor-element-20a4e9e elementor-widget elementor-widget-text-editor\" data-id=\"20a4e9e\" data-element_type=\"widget\" data-e-type=\"widget\" data-widget_type=\"text-editor.default\">\n\t\t\t\t<div class=\"elementor-widget-container\">\n\t\t\t\t\t\t\t\t\t<p>Vision<\/p>\t\t\t\t\t\t\t\t<\/div>\n\t\t\t\t<\/div>\n\t\t\t\t<div class=\"elementor-element elementor-element-4f8d786 elementor-widget elementor-widget-text-editor\" data-id=\"4f8d786\" data-element_type=\"widget\" data-e-type=\"widget\" data-widget_type=\"text-editor.default\">\n\t\t\t\t<div class=\"elementor-widget-container\">\n\t\t\t\t\t\t\t\t\t<p>Notre magasin est totalement fourni et en condition de satisfaire Vos exigences en chaque moment.<\/p><p>Du projet \u00e0 la production, la soci\u00e9t\u00e9 Casolin d\u00e9die beaucoup de son soin \u00e0 la recherche des meilleures conditions de travail\u00c2 : la production \u00e0 securit\u00e9s mecaniques et electriques, l\u2019\u00e9mission de poudres est au minimum et le niveau de bruit est pratiquement inexistant.<\/p>\t\t\t\t\t\t\t\t<\/div>\n\t\t\t\t<\/div>\n\t\t\t\t\t<\/div>\n\t\t<\/div>\n\t\t\t\t<div class=\"elementor-column elementor-col-50 elementor-top-column elementor-element elementor-element-030df0d\" data-id=\"030df0d\" data-element_type=\"column\" data-e-type=\"column\" data-settings=\"{&quot;background_background&quot;:&quot;classic&quot;}\">\n\t\t\t<div class=\"elementor-widget-wrap elementor-element-populated\">\n\t\t\t\t\t\t<div class=\"elementor-element elementor-element-b2ceb7f elementor-widget elementor-widget-image\" data-id=\"b2ceb7f\" data-element_type=\"widget\" data-e-type=\"widget\" data-widget_type=\"image.default\">\n\t\t\t\t<div class=\"elementor-widget-container\">\n\t\t\t\t\t\t\t\t\t\t\t\t\t\t\t<img decoding=\"async\" width=\"2362\" height=\"1884\" src=\"https:\/\/www.casolin.com\/wp-content\/uploads\/2023\/04\/CIRCOLARE-SQUADRA-aperta-NEW.jpg\" class=\"attachment-full size-full wp-image-3110\" alt=\"\" srcset=\"https:\/\/www.casolin.com\/wp-content\/uploads\/2023\/04\/CIRCOLARE-SQUADRA-aperta-NEW.jpg 2362w, https:\/\/www.casolin.com\/wp-content\/uploads\/2023\/04\/CIRCOLARE-SQUADRA-aperta-NEW-300x239.jpg 300w, https:\/\/www.casolin.com\/wp-content\/uploads\/2023\/04\/CIRCOLARE-SQUADRA-aperta-NEW-1024x817.jpg 1024w, https:\/\/www.casolin.com\/wp-content\/uploads\/2023\/04\/CIRCOLARE-SQUADRA-aperta-NEW-768x613.jpg 768w, https:\/\/www.casolin.com\/wp-content\/uploads\/2023\/04\/CIRCOLARE-SQUADRA-aperta-NEW-1536x1225.jpg 1536w, https:\/\/www.casolin.com\/wp-content\/uploads\/2023\/04\/CIRCOLARE-SQUADRA-aperta-NEW-2048x1634.jpg 2048w, https:\/\/www.casolin.com\/wp-content\/uploads\/2023\/04\/CIRCOLARE-SQUADRA-aperta-NEW-183x146.jpg 183w, https:\/\/www.casolin.com\/wp-content\/uploads\/2023\/04\/CIRCOLARE-SQUADRA-aperta-NEW-50x40.jpg 50w, https:\/\/www.casolin.com\/wp-content\/uploads\/2023\/04\/CIRCOLARE-SQUADRA-aperta-NEW-94x75.jpg 94w\" sizes=\"(max-width:767px) 480px, (max-width:2362px) 100vw, 2362px\" \/>\t\t\t\t\t\t\t\t\t\t\t\t\t\t\t<\/div>\n\t\t\t\t<\/div>\n\t\t\t\t\t<\/div>\n\t\t<\/div>\n\t\t\t\t\t<\/div>\n\t\t<\/section>\n\t\t\t\t<section class=\"elementor-section elementor-top-section elementor-element elementor-element-8a213a7 elementor-section-full_width elementor-section-stretched elementor-section-content-middle elementor-reverse-tablet elementor-reverse-mobile elementor-section-height-default elementor-section-height-default\" data-id=\"8a213a7\" data-element_type=\"section\" data-e-type=\"section\" data-settings=\"{&quot;stretch_section&quot;:&quot;section-stretched&quot;}\">\n\t\t\t\t\t\t<div class=\"elementor-container elementor-column-gap-default\">\n\t\t\t\t\t<div class=\"elementor-column elementor-col-50 elementor-top-column elementor-element elementor-element-e401e1c elementor-hidden-tablet elementor-hidden-mobile\" data-id=\"e401e1c\" data-element_type=\"column\" data-e-type=\"column\" data-settings=\"{&quot;background_background&quot;:&quot;classic&quot;}\">\n\t\t\t<div class=\"elementor-widget-wrap elementor-element-populated\">\n\t\t\t\t\t\t<div class=\"elementor-element elementor-element-90ba165 elementor-widget elementor-widget-image\" data-id=\"90ba165\" data-element_type=\"widget\" data-e-type=\"widget\" data-widget_type=\"image.default\">\n\t\t\t\t<div class=\"elementor-widget-container\">\n\t\t\t\t\t\t\t\t\t\t\t\t\t\t\t<img decoding=\"async\" width=\"1280\" height=\"720\" src=\"https:\/\/www.casolin.com\/wp-content\/uploads\/2023\/05\/assistenza.jpg\" class=\"attachment-full size-full wp-image-3244\" alt=\"\" srcset=\"https:\/\/www.casolin.com\/wp-content\/uploads\/2023\/05\/assistenza.jpg 1280w, https:\/\/www.casolin.com\/wp-content\/uploads\/2023\/05\/assistenza-300x169.jpg 300w, https:\/\/www.casolin.com\/wp-content\/uploads\/2023\/05\/assistenza-1024x576.jpg 1024w, https:\/\/www.casolin.com\/wp-content\/uploads\/2023\/05\/assistenza-768x432.jpg 768w, https:\/\/www.casolin.com\/wp-content\/uploads\/2023\/05\/assistenza-260x146.jpg 260w, https:\/\/www.casolin.com\/wp-content\/uploads\/2023\/05\/assistenza-50x28.jpg 50w, https:\/\/www.casolin.com\/wp-content\/uploads\/2023\/05\/assistenza-133x75.jpg 133w, https:\/\/www.casolin.com\/wp-content\/uploads\/2023\/05\/assistenza-1200x675.jpg 1200w\" sizes=\"(max-width:767px) 480px, (max-width:1280px) 100vw, 1280px\" \/>\t\t\t\t\t\t\t\t\t\t\t\t\t\t\t<\/div>\n\t\t\t\t<\/div>\n\t\t\t\t\t<\/div>\n\t\t<\/div>\n\t\t\t\t<div class=\"elementor-column elementor-col-50 elementor-top-column elementor-element elementor-element-37e79e5\" data-id=\"37e79e5\" data-element_type=\"column\" data-e-type=\"column\" data-settings=\"{&quot;background_background&quot;:&quot;classic&quot;}\">\n\t\t\t<div class=\"elementor-widget-wrap elementor-element-populated\">\n\t\t\t\t\t\t<div class=\"elementor-element elementor-element-9ead664 elementor-widget-divider--view-line elementor-widget elementor-widget-divider\" data-id=\"9ead664\" data-element_type=\"widget\" data-e-type=\"widget\" data-widget_type=\"divider.default\">\n\t\t\t\t<div class=\"elementor-widget-container\">\n\t\t\t\t\t\t\t<div class=\"elementor-divider\">\n\t\t\t<span class=\"elementor-divider-separator\">\n\t\t\t\t\t\t<\/span>\n\t\t<\/div>\n\t\t\t\t\t\t<\/div>\n\t\t\t\t<\/div>\n\t\t\t\t<div class=\"elementor-element elementor-element-5e7a61e elementor-widget elementor-widget-text-editor\" data-id=\"5e7a61e\" data-element_type=\"widget\" data-e-type=\"widget\" data-widget_type=\"text-editor.default\">\n\t\t\t\t<div class=\"elementor-widget-container\">\n\t\t\t\t\t\t\t\t\t<p>AVEZ-VOUS BESOIN D&rsquo;AIDE?<\/p>\t\t\t\t\t\t\t\t<\/div>\n\t\t\t\t<\/div>\n\t\t\t\t<div class=\"elementor-element elementor-element-5a6acf3 elementor-widget elementor-widget-text-editor\" data-id=\"5a6acf3\" data-element_type=\"widget\" data-e-type=\"widget\" data-widget_type=\"text-editor.default\">\n\t\t\t\t<div class=\"elementor-widget-container\">\n\t\t\t\t\t\t\t\t\t<p>Notre personell est \u00e0 disposition pour consultation tecnique et commercial.<\/p>\t\t\t\t\t\t\t\t<\/div>\n\t\t\t\t<\/div>\n\t\t\t\t<div class=\"elementor-element elementor-element-a2373bb elementor-align-left elementor-widget elementor-widget-button\" data-id=\"a2373bb\" data-element_type=\"widget\" data-e-type=\"widget\" data-widget_type=\"button.default\">\n\t\t\t\t<div class=\"elementor-widget-container\">\n\t\t\t\t\t\t\t\t\t<div class=\"elementor-button-wrapper\">\n\t\t\t\t\t<a class=\"elementor-button elementor-button-link elementor-size-sm elementor-animation-grow\" href=\"\/fr\/contacts\/\">\n\t\t\t\t\t\t<span class=\"elementor-button-content-wrapper\">\n\t\t\t\t\t\t<span class=\"elementor-button-icon\">\n\t\t\t\t<i aria-hidden=\"true\" class=\"far fa-dot-circle\"><\/i>\t\t\t<\/span>\n\t\t\t\t\t\t\t\t\t<span class=\"elementor-button-text\">CONTACTEZ-NOUS<\/span>\n\t\t\t\t\t<\/span>\n\t\t\t\t\t<\/a>\n\t\t\t\t<\/div>\n\t\t\t\t\t\t\t\t<\/div>\n\t\t\t\t<\/div>\n\t\t\t\t\t<\/div>\n\t\t<\/div>\n\t\t\t\t\t<\/div>\n\t\t<\/section>\n\t\t\t\t<\/div>\n\t\t","protected":false},"excerpt":{"rendered":"<p>AFFIDABILI ED EFFICIENTI<\/p>\n","protected":false},"author":1,"featured_media":0,"parent":0,"menu_order":0,"comment_status":"closed","ping_status":"closed","template":"","meta":{"footnotes":""},"class_list":["post-6533","page","type-page","status-publish","hentry"],"yoast_head":"<!-- This site is optimized with the Yoast SEO plugin v27.5 - https:\/\/yoast.com\/product\/yoast-seo-wordpress\/ -->\n<title>Specialisti nelle macchine per la lavorazione del legno<\/title>\n<meta name=\"description\" content=\"Casolin \u00e8 specializzata nella produzione di macchine per la lavorazione del legno. La produzione Casolin si contraddistingue soprattutto per la semplicit\u00e0 e la consistenza della propria linea.\" \/>\n<meta name=\"robots\" content=\"index, follow, max-snippet:-1, max-image-preview:large, max-video-preview:-1\" \/>\n<link rel=\"canonical\" href=\"https:\/\/www.casolin.com\/fr\/enterprise\/\" \/>\n<meta property=\"og:locale\" content=\"fr_FR\" \/>\n<meta property=\"og:type\" content=\"article\" \/>\n<meta property=\"og:title\" content=\"Specialisti nelle macchine per la lavorazione del legno\" \/>\n<meta property=\"og:description\" content=\"Casolin \u00e8 specializzata nella produzione di macchine per la lavorazione del legno. La produzione Casolin si contraddistingue soprattutto per la semplicit\u00e0 e la consistenza della propria linea.\" \/>\n<meta property=\"og:url\" content=\"https:\/\/www.casolin.com\/fr\/enterprise\/\" \/>\n<meta property=\"og:site_name\" content=\"Casolin\" \/>\n<meta property=\"article:modified_time\" content=\"2023-05-26T10:24:07+00:00\" \/>\n<meta property=\"og:image\" content=\"https:\/\/www.casolin.com\/wp-content\/uploads\/2023\/05\/azienda-uffici-casolin.jpg\" \/>\n<meta name=\"twitter:card\" content=\"summary_large_image\" \/>\n<meta name=\"twitter:label1\" content=\"Dur\u00e9e de lecture estim\u00e9e\" \/>\n\t<meta name=\"twitter:data1\" content=\"2 minutes\" \/>\n<script type=\"application\/ld+json\" class=\"yoast-schema-graph\">{\"@context\":\"https:\\\/\\\/schema.org\",\"@graph\":[{\"@type\":\"WebPage\",\"@id\":\"https:\\\/\\\/www.casolin.com\\\/fr\\\/enterprise\\\/\",\"url\":\"https:\\\/\\\/www.casolin.com\\\/fr\\\/enterprise\\\/\",\"name\":\"Specialisti nelle macchine per la lavorazione del legno\",\"isPartOf\":{\"@id\":\"https:\\\/\\\/www.casolin.com\\\/en\\\/#website\"},\"primaryImageOfPage\":{\"@id\":\"https:\\\/\\\/www.casolin.com\\\/fr\\\/enterprise\\\/#primaryimage\"},\"image\":{\"@id\":\"https:\\\/\\\/www.casolin.com\\\/fr\\\/enterprise\\\/#primaryimage\"},\"thumbnailUrl\":\"https:\\\/\\\/www.casolin.com\\\/wp-content\\\/uploads\\\/2023\\\/05\\\/azienda-uffici-casolin.jpg\",\"datePublished\":\"2023-04-26T13:10:53+00:00\",\"dateModified\":\"2023-05-26T10:24:07+00:00\",\"description\":\"Casolin \u00e8 specializzata nella produzione di macchine per la lavorazione del legno. La produzione Casolin si contraddistingue soprattutto per la semplicit\u00e0 e la consistenza della propria linea.\",\"breadcrumb\":{\"@id\":\"https:\\\/\\\/www.casolin.com\\\/fr\\\/enterprise\\\/#breadcrumb\"},\"inLanguage\":\"fr-FR\",\"potentialAction\":[{\"@type\":\"ReadAction\",\"target\":[\"https:\\\/\\\/www.casolin.com\\\/fr\\\/enterprise\\\/\"]}]},{\"@type\":\"ImageObject\",\"inLanguage\":\"fr-FR\",\"@id\":\"https:\\\/\\\/www.casolin.com\\\/fr\\\/enterprise\\\/#primaryimage\",\"url\":\"https:\\\/\\\/www.casolin.com\\\/wp-content\\\/uploads\\\/2023\\\/05\\\/azienda-uffici-casolin.jpg\",\"contentUrl\":\"https:\\\/\\\/www.casolin.com\\\/wp-content\\\/uploads\\\/2023\\\/05\\\/azienda-uffici-casolin.jpg\"},{\"@type\":\"BreadcrumbList\",\"@id\":\"https:\\\/\\\/www.casolin.com\\\/fr\\\/enterprise\\\/#breadcrumb\",\"itemListElement\":[{\"@type\":\"ListItem\",\"position\":1,\"name\":\"Home\",\"item\":\"https:\\\/\\\/www.casolin.com\\\/fr\\\/\"},{\"@type\":\"ListItem\",\"position\":2,\"name\":\"L&#8217;enterprise\"}]},{\"@type\":\"WebSite\",\"@id\":\"https:\\\/\\\/www.casolin.com\\\/en\\\/#website\",\"url\":\"https:\\\/\\\/www.casolin.com\\\/en\\\/\",\"name\":\"Casolin\",\"description\":\"Macchine per la lavorazione del legno di ottima qualit\u00e0\",\"publisher\":{\"@id\":\"https:\\\/\\\/www.casolin.com\\\/en\\\/#organization\"},\"potentialAction\":[{\"@type\":\"SearchAction\",\"target\":{\"@type\":\"EntryPoint\",\"urlTemplate\":\"https:\\\/\\\/www.casolin.com\\\/en\\\/?s={search_term_string}\"},\"query-input\":{\"@type\":\"PropertyValueSpecification\",\"valueRequired\":true,\"valueName\":\"search_term_string\"}}],\"inLanguage\":\"fr-FR\"},{\"@type\":\"Organization\",\"@id\":\"https:\\\/\\\/www.casolin.com\\\/en\\\/#organization\",\"name\":\"Casolin\",\"url\":\"https:\\\/\\\/www.casolin.com\\\/en\\\/\",\"logo\":{\"@type\":\"ImageObject\",\"inLanguage\":\"fr-FR\",\"@id\":\"https:\\\/\\\/www.casolin.com\\\/en\\\/#\\\/schema\\\/logo\\\/image\\\/\",\"url\":\"https:\\\/\\\/www.casolin.com\\\/wp-content\\\/uploads\\\/2023\\\/04\\\/logo-casolin.png\",\"contentUrl\":\"https:\\\/\\\/www.casolin.com\\\/wp-content\\\/uploads\\\/2023\\\/04\\\/logo-casolin.png\",\"width\":180,\"height\":36,\"caption\":\"Casolin\"},\"image\":{\"@id\":\"https:\\\/\\\/www.casolin.com\\\/en\\\/#\\\/schema\\\/logo\\\/image\\\/\"}}]}<\/script>\n<!-- \/ Yoast SEO plugin. -->","yoast_head_json":{"title":"Specialisti nelle macchine per la lavorazione del legno","description":"Casolin \u00e8 specializzata nella produzione di macchine per la lavorazione del legno. La produzione Casolin si contraddistingue soprattutto per la semplicit\u00e0 e la consistenza della propria linea.","robots":{"index":"index","follow":"follow","max-snippet":"max-snippet:-1","max-image-preview":"max-image-preview:large","max-video-preview":"max-video-preview:-1"},"canonical":"https:\/\/www.casolin.com\/fr\/enterprise\/","og_locale":"fr_FR","og_type":"article","og_title":"Specialisti nelle macchine per la lavorazione del legno","og_description":"Casolin \u00e8 specializzata nella produzione di macchine per la lavorazione del legno. La produzione Casolin si contraddistingue soprattutto per la semplicit\u00e0 e la consistenza della propria linea.","og_url":"https:\/\/www.casolin.com\/fr\/enterprise\/","og_site_name":"Casolin","article_modified_time":"2023-05-26T10:24:07+00:00","og_image":[{"url":"https:\/\/www.casolin.com\/wp-content\/uploads\/2023\/05\/azienda-uffici-casolin.jpg","type":"","width":"","height":""}],"twitter_card":"summary_large_image","twitter_misc":{"Dur\u00e9e de lecture estim\u00e9e":"2 minutes"},"schema":{"@context":"https:\/\/schema.org","@graph":[{"@type":"WebPage","@id":"https:\/\/www.casolin.com\/fr\/enterprise\/","url":"https:\/\/www.casolin.com\/fr\/enterprise\/","name":"Specialisti nelle macchine per la lavorazione del legno","isPartOf":{"@id":"https:\/\/www.casolin.com\/en\/#website"},"primaryImageOfPage":{"@id":"https:\/\/www.casolin.com\/fr\/enterprise\/#primaryimage"},"image":{"@id":"https:\/\/www.casolin.com\/fr\/enterprise\/#primaryimage"},"thumbnailUrl":"https:\/\/www.casolin.com\/wp-content\/uploads\/2023\/05\/azienda-uffici-casolin.jpg","datePublished":"2023-04-26T13:10:53+00:00","dateModified":"2023-05-26T10:24:07+00:00","description":"Casolin \u00e8 specializzata nella produzione di macchine per la lavorazione del legno. La produzione Casolin si contraddistingue soprattutto per la semplicit\u00e0 e la consistenza della propria linea.","breadcrumb":{"@id":"https:\/\/www.casolin.com\/fr\/enterprise\/#breadcrumb"},"inLanguage":"fr-FR","potentialAction":[{"@type":"ReadAction","target":["https:\/\/www.casolin.com\/fr\/enterprise\/"]}]},{"@type":"ImageObject","inLanguage":"fr-FR","@id":"https:\/\/www.casolin.com\/fr\/enterprise\/#primaryimage","url":"https:\/\/www.casolin.com\/wp-content\/uploads\/2023\/05\/azienda-uffici-casolin.jpg","contentUrl":"https:\/\/www.casolin.com\/wp-content\/uploads\/2023\/05\/azienda-uffici-casolin.jpg"},{"@type":"BreadcrumbList","@id":"https:\/\/www.casolin.com\/fr\/enterprise\/#breadcrumb","itemListElement":[{"@type":"ListItem","position":1,"name":"Home","item":"https:\/\/www.casolin.com\/fr\/"},{"@type":"ListItem","position":2,"name":"L&#8217;enterprise"}]},{"@type":"WebSite","@id":"https:\/\/www.casolin.com\/en\/#website","url":"https:\/\/www.casolin.com\/en\/","name":"Casolin","description":"Macchine per la lavorazione del legno di ottima qualit\u00e0","publisher":{"@id":"https:\/\/www.casolin.com\/en\/#organization"},"potentialAction":[{"@type":"SearchAction","target":{"@type":"EntryPoint","urlTemplate":"https:\/\/www.casolin.com\/en\/?s={search_term_string}"},"query-input":{"@type":"PropertyValueSpecification","valueRequired":true,"valueName":"search_term_string"}}],"inLanguage":"fr-FR"},{"@type":"Organization","@id":"https:\/\/www.casolin.com\/en\/#organization","name":"Casolin","url":"https:\/\/www.casolin.com\/en\/","logo":{"@type":"ImageObject","inLanguage":"fr-FR","@id":"https:\/\/www.casolin.com\/en\/#\/schema\/logo\/image\/","url":"https:\/\/www.casolin.com\/wp-content\/uploads\/2023\/04\/logo-casolin.png","contentUrl":"https:\/\/www.casolin.com\/wp-content\/uploads\/2023\/04\/logo-casolin.png","width":180,"height":36,"caption":"Casolin"},"image":{"@id":"https:\/\/www.casolin.com\/en\/#\/schema\/logo\/image\/"}}]}},"_links":{"self":[{"href":"https:\/\/www.casolin.com\/fr\/wp-json\/wp\/v2\/pages\/6533","targetHints":{"allow":["GET"]}}],"collection":[{"href":"https:\/\/www.casolin.com\/fr\/wp-json\/wp\/v2\/pages"}],"about":[{"href":"https:\/\/www.casolin.com\/fr\/wp-json\/wp\/v2\/types\/page"}],"author":[{"embeddable":true,"href":"https:\/\/www.casolin.com\/fr\/wp-json\/wp\/v2\/users\/1"}],"replies":[{"embeddable":true,"href":"https:\/\/www.casolin.com\/fr\/wp-json\/wp\/v2\/comments?post=6533"}],"version-history":[{"count":0,"href":"https:\/\/www.casolin.com\/fr\/wp-json\/wp\/v2\/pages\/6533\/revisions"}],"wp:attachment":[{"href":"https:\/\/www.casolin.com\/fr\/wp-json\/wp\/v2\/media?parent=6533"}],"curies":[{"name":"wp","href":"https:\/\/api.w.org\/{rel}","templated":true}]}}