{"id":6593,"date":"2023-05-08T10:19:46","date_gmt":"2023-05-08T08:19:46","guid":{"rendered":"https:\/\/www.casolin.com\/applicazioni-speciali\/"},"modified":"2023-05-30T14:47:59","modified_gmt":"2023-05-30T12:47:59","slug":"realisations-speciales","status":"publish","type":"page","link":"https:\/\/www.casolin.com\/fr\/realisations-speciales\/","title":{"rendered":"R\u00e9alisations sp\u00e9ciales"},"content":{"rendered":"\t\t<div data-elementor-type=\"wp-page\" data-elementor-id=\"6593\" class=\"elementor elementor-6593 elementor-967\" data-elementor-post-type=\"page\">\n\t\t\t\t\t\t<section class=\"elementor-section elementor-top-section elementor-element elementor-element-7e7e1df elementor-section-full_width elementor-section-stretched elementor-section-content-top elementor-section-height-default elementor-section-height-default\" data-id=\"7e7e1df\" data-element_type=\"section\" data-e-type=\"section\" data-settings=\"{&quot;stretch_section&quot;:&quot;section-stretched&quot;}\">\n\t\t\t\t\t\t<div class=\"elementor-container elementor-column-gap-default\">\n\t\t\t\t\t<div class=\"elementor-column elementor-col-100 elementor-top-column elementor-element elementor-element-e7921cd\" data-id=\"e7921cd\" data-element_type=\"column\" data-e-type=\"column\" data-settings=\"{&quot;background_background&quot;:&quot;classic&quot;}\">\n\t\t\t<div class=\"elementor-widget-wrap elementor-element-populated\">\n\t\t\t\t\t\t<div class=\"elementor-element elementor-element-c70296d elementor-widget-divider--view-line elementor-widget elementor-widget-divider\" data-id=\"c70296d\" data-element_type=\"widget\" data-e-type=\"widget\" data-widget_type=\"divider.default\">\n\t\t\t\t<div class=\"elementor-widget-container\">\n\t\t\t\t\t\t\t<div class=\"elementor-divider\">\n\t\t\t<span class=\"elementor-divider-separator\">\n\t\t\t\t\t\t<\/span>\n\t\t<\/div>\n\t\t\t\t\t\t<\/div>\n\t\t\t\t<\/div>\n\t\t\t\t<div class=\"elementor-element elementor-element-8750c5b elementor-widget elementor-widget-text-editor\" data-id=\"8750c5b\" data-element_type=\"widget\" data-e-type=\"widget\" data-widget_type=\"text-editor.default\">\n\t\t\t\t<div class=\"elementor-widget-container\">\n\t\t\t\t\t\t\t\t\t<p>Pas que du bois!<\/p>\t\t\t\t\t\t\t\t<\/div>\n\t\t\t\t<\/div>\n\t\t\t\t<div class=\"elementor-element elementor-element-c9d75dc elementor-widget elementor-widget-text-editor\" data-id=\"c9d75dc\" data-element_type=\"widget\" data-e-type=\"widget\" data-widget_type=\"text-editor.default\">\n\t\t\t\t<div class=\"elementor-widget-container\">\n\t\t\t\t\t\t\t\t\t<p>Les machines Casolin ne travaillent pas seulement les mat\u00e9riaux en bois, elles peuvent \u00eatre \u00e9quip\u00e9es pour le traitement des mat\u00e9riaux thermoplastiques et thermodurcissables et des profil\u00e9s en aluminium les plus vari\u00e9s.<\/p><p>Voici quelques exemples de travaux r\u00e9alis\u00e9s :<\/p>\t\t\t\t\t\t\t\t<\/div>\n\t\t\t\t<\/div>\n\t\t\t\t<div class=\"elementor-element elementor-element-ef4927a elementor-arrows-position-inside elementor-widget elementor-widget-image-carousel\" data-id=\"ef4927a\" data-element_type=\"widget\" data-e-type=\"widget\" data-settings=\"{&quot;slides_to_show&quot;:&quot;1&quot;,&quot;navigation&quot;:&quot;arrows&quot;,&quot;autoplay&quot;:&quot;yes&quot;,&quot;pause_on_hover&quot;:&quot;yes&quot;,&quot;pause_on_interaction&quot;:&quot;yes&quot;,&quot;autoplay_speed&quot;:5000,&quot;infinite&quot;:&quot;yes&quot;,&quot;effect&quot;:&quot;slide&quot;,&quot;speed&quot;:500}\" data-widget_type=\"image-carousel.default\">\n\t\t\t\t<div class=\"elementor-widget-container\">\n\t\t\t\t\t\t\t<div class=\"elementor-image-carousel-wrapper swiper\" role=\"region\" aria-roledescription=\"carousel\" aria-label=\"Carrousel d\u2019images\" dir=\"ltr\">\n\t\t\t<div class=\"elementor-image-carousel swiper-wrapper\" aria-live=\"off\">\n\t\t\t\t\t\t\t\t<div class=\"swiper-slide\" role=\"group\" aria-roledescription=\"slide\" aria-label=\"1 sur 4\"><figure class=\"swiper-slide-inner\"><img decoding=\"async\" class=\"swiper-slide-image\" src=\"https:\/\/www.casolin.com\/wp-content\/uploads\/2023\/05\/circolare-plastica-1200x675.jpg\" alt=\"circolare plastica\" \/><\/figure><\/div><div class=\"swiper-slide\" role=\"group\" aria-roledescription=\"slide\" aria-label=\"2 sur 4\"><figure class=\"swiper-slide-inner\"><img decoding=\"async\" class=\"swiper-slide-image\" src=\"https:\/\/www.casolin.com\/wp-content\/uploads\/2023\/05\/P1130990-1200x675.jpg\" alt=\"P1130990\" \/><\/figure><\/div><div class=\"swiper-slide\" role=\"group\" aria-roledescription=\"slide\" aria-label=\"3 sur 4\"><figure class=\"swiper-slide-inner\"><img decoding=\"async\" class=\"swiper-slide-image\" src=\"https:\/\/www.casolin.com\/wp-content\/uploads\/2023\/05\/P1170382-1200x675.jpg\" alt=\"P1170382\" \/><\/figure><\/div><div class=\"swiper-slide\" role=\"group\" aria-roledescription=\"slide\" aria-label=\"4 sur 4\"><figure class=\"swiper-slide-inner\"><img decoding=\"async\" class=\"swiper-slide-image\" src=\"https:\/\/www.casolin.com\/wp-content\/uploads\/2023\/05\/ts630_Moment2.jpg\" alt=\"ts630_Moment(2)\" \/><\/figure><\/div>\t\t\t<\/div>\n\t\t\t\t\t\t\t\t\t\t\t\t<div class=\"elementor-swiper-button elementor-swiper-button-prev\" role=\"button\" tabindex=\"0\">\n\t\t\t\t\t\t<i aria-hidden=\"true\" class=\"eicon-chevron-left\"><\/i>\t\t\t\t\t<\/div>\n\t\t\t\t\t<div class=\"elementor-swiper-button elementor-swiper-button-next\" role=\"button\" tabindex=\"0\">\n\t\t\t\t\t\t<i aria-hidden=\"true\" class=\"eicon-chevron-right\"><\/i>\t\t\t\t\t<\/div>\n\t\t\t\t\n\t\t\t\t\t\t\t\t\t<\/div>\n\t\t\t\t\t\t<\/div>\n\t\t\t\t<\/div>\n\t\t\t\t\t<\/div>\n\t\t<\/div>\n\t\t\t\t\t<\/div>\n\t\t<\/section>\n\t\t\t\t<section class=\"elementor-section elementor-top-section elementor-element elementor-element-7156f3a elementor-section-full_width elementor-section-stretched elementor-section-content-middle elementor-reverse-tablet elementor-reverse-mobile elementor-section-height-default elementor-section-height-default\" data-id=\"7156f3a\" data-element_type=\"section\" data-e-type=\"section\" data-settings=\"{&quot;stretch_section&quot;:&quot;section-stretched&quot;}\">\n\t\t\t\t\t\t<div class=\"elementor-container elementor-column-gap-default\">\n\t\t\t\t\t<div class=\"elementor-column elementor-col-50 elementor-top-column elementor-element elementor-element-3524635 elementor-hidden-tablet elementor-hidden-mobile\" data-id=\"3524635\" data-element_type=\"column\" data-e-type=\"column\" data-settings=\"{&quot;background_background&quot;:&quot;classic&quot;}\">\n\t\t\t<div class=\"elementor-widget-wrap elementor-element-populated\">\n\t\t\t\t\t\t<div class=\"elementor-element elementor-element-6e62d45 elementor-widget elementor-widget-image\" data-id=\"6e62d45\" data-element_type=\"widget\" data-e-type=\"widget\" data-widget_type=\"image.default\">\n\t\t\t\t<div class=\"elementor-widget-container\">\n\t\t\t\t\t\t\t\t\t\t\t\t\t\t\t<img fetchpriority=\"high\" decoding=\"async\" width=\"1280\" height=\"720\" src=\"https:\/\/www.casolin.com\/wp-content\/uploads\/2023\/05\/assistenza.jpg\" class=\"attachment-full size-full wp-image-3244\" alt=\"\" srcset=\"https:\/\/www.casolin.com\/wp-content\/uploads\/2023\/05\/assistenza.jpg 1280w, https:\/\/www.casolin.com\/wp-content\/uploads\/2023\/05\/assistenza-300x169.jpg 300w, https:\/\/www.casolin.com\/wp-content\/uploads\/2023\/05\/assistenza-1024x576.jpg 1024w, https:\/\/www.casolin.com\/wp-content\/uploads\/2023\/05\/assistenza-768x432.jpg 768w, https:\/\/www.casolin.com\/wp-content\/uploads\/2023\/05\/assistenza-260x146.jpg 260w, https:\/\/www.casolin.com\/wp-content\/uploads\/2023\/05\/assistenza-50x28.jpg 50w, https:\/\/www.casolin.com\/wp-content\/uploads\/2023\/05\/assistenza-133x75.jpg 133w, https:\/\/www.casolin.com\/wp-content\/uploads\/2023\/05\/assistenza-1200x675.jpg 1200w\" sizes=\"(max-width:767px) 480px, (max-width:1280px) 100vw, 1280px\" \/>\t\t\t\t\t\t\t\t\t\t\t\t\t\t\t<\/div>\n\t\t\t\t<\/div>\n\t\t\t\t\t<\/div>\n\t\t<\/div>\n\t\t\t\t<div class=\"elementor-column elementor-col-50 elementor-top-column elementor-element elementor-element-0b85daa\" data-id=\"0b85daa\" data-element_type=\"column\" data-e-type=\"column\" data-settings=\"{&quot;background_background&quot;:&quot;classic&quot;}\">\n\t\t\t<div class=\"elementor-widget-wrap elementor-element-populated\">\n\t\t\t\t\t\t<div class=\"elementor-element elementor-element-151260e elementor-widget-divider--view-line elementor-widget elementor-widget-divider\" data-id=\"151260e\" data-element_type=\"widget\" data-e-type=\"widget\" data-widget_type=\"divider.default\">\n\t\t\t\t<div class=\"elementor-widget-container\">\n\t\t\t\t\t\t\t<div class=\"elementor-divider\">\n\t\t\t<span class=\"elementor-divider-separator\">\n\t\t\t\t\t\t<\/span>\n\t\t<\/div>\n\t\t\t\t\t\t<\/div>\n\t\t\t\t<\/div>\n\t\t\t\t<div class=\"elementor-element elementor-element-3548e65 elementor-widget elementor-widget-text-editor\" data-id=\"3548e65\" data-element_type=\"widget\" data-e-type=\"widget\" data-widget_type=\"text-editor.default\">\n\t\t\t\t<div class=\"elementor-widget-container\">\n\t\t\t\t\t\t\t\t\t<p>VOUS AVES BESOIN D&rsquo;ASSISTANCE?<\/p>\t\t\t\t\t\t\t\t<\/div>\n\t\t\t\t<\/div>\n\t\t\t\t<div class=\"elementor-element elementor-element-1995e07 elementor-widget elementor-widget-text-editor\" data-id=\"1995e07\" data-element_type=\"widget\" data-e-type=\"widget\" data-widget_type=\"text-editor.default\">\n\t\t\t\t<div class=\"elementor-widget-container\">\n\t\t\t\t\t\t\t\t\t<p>Notre personell est \u00e0 disposition pour consultation tecnique et commercial.<\/p>\t\t\t\t\t\t\t\t<\/div>\n\t\t\t\t<\/div>\n\t\t\t\t<div class=\"elementor-element elementor-element-4a6f5ac elementor-align-left elementor-widget elementor-widget-button\" data-id=\"4a6f5ac\" data-element_type=\"widget\" data-e-type=\"widget\" data-widget_type=\"button.default\">\n\t\t\t\t<div class=\"elementor-widget-container\">\n\t\t\t\t\t\t\t\t\t<div class=\"elementor-button-wrapper\">\n\t\t\t\t\t<a class=\"elementor-button elementor-button-link elementor-size-sm elementor-animation-grow\" href=\"\/fr\/contacts\/\">\n\t\t\t\t\t\t<span class=\"elementor-button-content-wrapper\">\n\t\t\t\t\t\t<span class=\"elementor-button-icon\">\n\t\t\t\t<i aria-hidden=\"true\" class=\"far fa-dot-circle\"><\/i>\t\t\t<\/span>\n\t\t\t\t\t\t\t\t\t<span class=\"elementor-button-text\">CONTACTEZ-NOUS<\/span>\n\t\t\t\t\t<\/span>\n\t\t\t\t\t<\/a>\n\t\t\t\t<\/div>\n\t\t\t\t\t\t\t\t<\/div>\n\t\t\t\t<\/div>\n\t\t\t\t\t<\/div>\n\t\t<\/div>\n\t\t\t\t\t<\/div>\n\t\t<\/section>\n\t\t\t\t<\/div>\n\t\t","protected":false},"excerpt":{"rendered":"<p>Pas que du bois! Les machines Casolin ne travaillent pas seulement les mat\u00e9riaux en bois, elles peuvent \u00eatre \u00e9quip\u00e9es pour le traitement des mat\u00e9riaux thermoplastiques et<span class=\"excerpt-hellip\"> [\u2026]<\/span><\/p>\n","protected":false},"author":1,"featured_media":0,"parent":0,"menu_order":1,"comment_status":"closed","ping_status":"closed","template":"","meta":{"footnotes":""},"class_list":["post-6593","page","type-page","status-publish","hentry"],"yoast_head":"<!-- This site is optimized with the Yoast SEO plugin v27.5 - https:\/\/yoast.com\/product\/yoast-seo-wordpress\/ -->\n<title>R\u00e9alisations sp\u00e9ciales - Casolin<\/title>\n<meta name=\"robots\" content=\"index, follow, max-snippet:-1, max-image-preview:large, max-video-preview:-1\" \/>\n<link rel=\"canonical\" href=\"https:\/\/www.casolin.com\/fr\/realisations-speciales\/\" \/>\n<meta property=\"og:locale\" content=\"fr_FR\" \/>\n<meta property=\"og:type\" content=\"article\" \/>\n<meta property=\"og:title\" content=\"R\u00e9alisations sp\u00e9ciales - Casolin\" \/>\n<meta property=\"og:description\" content=\"Pas que du bois! Les machines Casolin ne travaillent pas seulement les mat\u00e9riaux en bois, elles peuvent \u00eatre \u00e9quip\u00e9es pour le traitement des mat\u00e9riaux thermoplastiques et [\u2026]\" \/>\n<meta property=\"og:url\" content=\"https:\/\/www.casolin.com\/fr\/realisations-speciales\/\" \/>\n<meta property=\"og:site_name\" content=\"Casolin\" \/>\n<meta property=\"article:modified_time\" content=\"2023-05-30T12:47:59+00:00\" \/>\n<meta property=\"og:image\" content=\"https:\/\/www.casolin.com\/wp-content\/uploads\/2023\/05\/circolare-plastica-1200x675.jpg\" \/>\n<meta name=\"twitter:card\" content=\"summary_large_image\" \/>\n<meta name=\"twitter:label1\" content=\"Dur\u00e9e de lecture estim\u00e9e\" \/>\n\t<meta name=\"twitter:data1\" content=\"2 minutes\" \/>\n<script type=\"application\/ld+json\" class=\"yoast-schema-graph\">{\"@context\":\"https:\\\/\\\/schema.org\",\"@graph\":[{\"@type\":\"WebPage\",\"@id\":\"https:\\\/\\\/www.casolin.com\\\/fr\\\/realisations-speciales\\\/\",\"url\":\"https:\\\/\\\/www.casolin.com\\\/fr\\\/realisations-speciales\\\/\",\"name\":\"R\u00e9alisations sp\u00e9ciales - Casolin\",\"isPartOf\":{\"@id\":\"https:\\\/\\\/www.casolin.com\\\/en\\\/#website\"},\"primaryImageOfPage\":{\"@id\":\"https:\\\/\\\/www.casolin.com\\\/fr\\\/realisations-speciales\\\/#primaryimage\"},\"image\":{\"@id\":\"https:\\\/\\\/www.casolin.com\\\/fr\\\/realisations-speciales\\\/#primaryimage\"},\"thumbnailUrl\":\"https:\\\/\\\/www.casolin.com\\\/wp-content\\\/uploads\\\/2023\\\/05\\\/circolare-plastica-1200x675.jpg\",\"datePublished\":\"2023-05-08T08:19:46+00:00\",\"dateModified\":\"2023-05-30T12:47:59+00:00\",\"breadcrumb\":{\"@id\":\"https:\\\/\\\/www.casolin.com\\\/fr\\\/realisations-speciales\\\/#breadcrumb\"},\"inLanguage\":\"fr-FR\",\"potentialAction\":[{\"@type\":\"ReadAction\",\"target\":[\"https:\\\/\\\/www.casolin.com\\\/fr\\\/realisations-speciales\\\/\"]}]},{\"@type\":\"ImageObject\",\"inLanguage\":\"fr-FR\",\"@id\":\"https:\\\/\\\/www.casolin.com\\\/fr\\\/realisations-speciales\\\/#primaryimage\",\"url\":\"https:\\\/\\\/www.casolin.com\\\/wp-content\\\/uploads\\\/2023\\\/05\\\/circolare-plastica-1200x675.jpg\",\"contentUrl\":\"https:\\\/\\\/www.casolin.com\\\/wp-content\\\/uploads\\\/2023\\\/05\\\/circolare-plastica-1200x675.jpg\"},{\"@type\":\"BreadcrumbList\",\"@id\":\"https:\\\/\\\/www.casolin.com\\\/fr\\\/realisations-speciales\\\/#breadcrumb\",\"itemListElement\":[{\"@type\":\"ListItem\",\"position\":1,\"name\":\"Home\",\"item\":\"https:\\\/\\\/www.casolin.com\\\/fr\\\/\"},{\"@type\":\"ListItem\",\"position\":2,\"name\":\"R\u00e9alisations sp\u00e9ciales\"}]},{\"@type\":\"WebSite\",\"@id\":\"https:\\\/\\\/www.casolin.com\\\/en\\\/#website\",\"url\":\"https:\\\/\\\/www.casolin.com\\\/en\\\/\",\"name\":\"Casolin\",\"description\":\"Macchine per la lavorazione del legno di ottima qualit\u00e0\",\"publisher\":{\"@id\":\"https:\\\/\\\/www.casolin.com\\\/en\\\/#organization\"},\"potentialAction\":[{\"@type\":\"SearchAction\",\"target\":{\"@type\":\"EntryPoint\",\"urlTemplate\":\"https:\\\/\\\/www.casolin.com\\\/en\\\/?s={search_term_string}\"},\"query-input\":{\"@type\":\"PropertyValueSpecification\",\"valueRequired\":true,\"valueName\":\"search_term_string\"}}],\"inLanguage\":\"fr-FR\"},{\"@type\":\"Organization\",\"@id\":\"https:\\\/\\\/www.casolin.com\\\/en\\\/#organization\",\"name\":\"Casolin\",\"url\":\"https:\\\/\\\/www.casolin.com\\\/en\\\/\",\"logo\":{\"@type\":\"ImageObject\",\"inLanguage\":\"fr-FR\",\"@id\":\"https:\\\/\\\/www.casolin.com\\\/en\\\/#\\\/schema\\\/logo\\\/image\\\/\",\"url\":\"https:\\\/\\\/www.casolin.com\\\/wp-content\\\/uploads\\\/2023\\\/04\\\/logo-casolin.png\",\"contentUrl\":\"https:\\\/\\\/www.casolin.com\\\/wp-content\\\/uploads\\\/2023\\\/04\\\/logo-casolin.png\",\"width\":180,\"height\":36,\"caption\":\"Casolin\"},\"image\":{\"@id\":\"https:\\\/\\\/www.casolin.com\\\/en\\\/#\\\/schema\\\/logo\\\/image\\\/\"}}]}<\/script>\n<!-- \/ Yoast SEO plugin. -->","yoast_head_json":{"title":"R\u00e9alisations sp\u00e9ciales - Casolin","robots":{"index":"index","follow":"follow","max-snippet":"max-snippet:-1","max-image-preview":"max-image-preview:large","max-video-preview":"max-video-preview:-1"},"canonical":"https:\/\/www.casolin.com\/fr\/realisations-speciales\/","og_locale":"fr_FR","og_type":"article","og_title":"R\u00e9alisations sp\u00e9ciales - Casolin","og_description":"Pas que du bois! Les machines Casolin ne travaillent pas seulement les mat\u00e9riaux en bois, elles peuvent \u00eatre \u00e9quip\u00e9es pour le traitement des mat\u00e9riaux thermoplastiques et [\u2026]","og_url":"https:\/\/www.casolin.com\/fr\/realisations-speciales\/","og_site_name":"Casolin","article_modified_time":"2023-05-30T12:47:59+00:00","og_image":[{"url":"https:\/\/www.casolin.com\/wp-content\/uploads\/2023\/05\/circolare-plastica-1200x675.jpg","type":"","width":"","height":""}],"twitter_card":"summary_large_image","twitter_misc":{"Dur\u00e9e de lecture estim\u00e9e":"2 minutes"},"schema":{"@context":"https:\/\/schema.org","@graph":[{"@type":"WebPage","@id":"https:\/\/www.casolin.com\/fr\/realisations-speciales\/","url":"https:\/\/www.casolin.com\/fr\/realisations-speciales\/","name":"R\u00e9alisations sp\u00e9ciales - Casolin","isPartOf":{"@id":"https:\/\/www.casolin.com\/en\/#website"},"primaryImageOfPage":{"@id":"https:\/\/www.casolin.com\/fr\/realisations-speciales\/#primaryimage"},"image":{"@id":"https:\/\/www.casolin.com\/fr\/realisations-speciales\/#primaryimage"},"thumbnailUrl":"https:\/\/www.casolin.com\/wp-content\/uploads\/2023\/05\/circolare-plastica-1200x675.jpg","datePublished":"2023-05-08T08:19:46+00:00","dateModified":"2023-05-30T12:47:59+00:00","breadcrumb":{"@id":"https:\/\/www.casolin.com\/fr\/realisations-speciales\/#breadcrumb"},"inLanguage":"fr-FR","potentialAction":[{"@type":"ReadAction","target":["https:\/\/www.casolin.com\/fr\/realisations-speciales\/"]}]},{"@type":"ImageObject","inLanguage":"fr-FR","@id":"https:\/\/www.casolin.com\/fr\/realisations-speciales\/#primaryimage","url":"https:\/\/www.casolin.com\/wp-content\/uploads\/2023\/05\/circolare-plastica-1200x675.jpg","contentUrl":"https:\/\/www.casolin.com\/wp-content\/uploads\/2023\/05\/circolare-plastica-1200x675.jpg"},{"@type":"BreadcrumbList","@id":"https:\/\/www.casolin.com\/fr\/realisations-speciales\/#breadcrumb","itemListElement":[{"@type":"ListItem","position":1,"name":"Home","item":"https:\/\/www.casolin.com\/fr\/"},{"@type":"ListItem","position":2,"name":"R\u00e9alisations sp\u00e9ciales"}]},{"@type":"WebSite","@id":"https:\/\/www.casolin.com\/en\/#website","url":"https:\/\/www.casolin.com\/en\/","name":"Casolin","description":"Macchine per la lavorazione del legno di ottima qualit\u00e0","publisher":{"@id":"https:\/\/www.casolin.com\/en\/#organization"},"potentialAction":[{"@type":"SearchAction","target":{"@type":"EntryPoint","urlTemplate":"https:\/\/www.casolin.com\/en\/?s={search_term_string}"},"query-input":{"@type":"PropertyValueSpecification","valueRequired":true,"valueName":"search_term_string"}}],"inLanguage":"fr-FR"},{"@type":"Organization","@id":"https:\/\/www.casolin.com\/en\/#organization","name":"Casolin","url":"https:\/\/www.casolin.com\/en\/","logo":{"@type":"ImageObject","inLanguage":"fr-FR","@id":"https:\/\/www.casolin.com\/en\/#\/schema\/logo\/image\/","url":"https:\/\/www.casolin.com\/wp-content\/uploads\/2023\/04\/logo-casolin.png","contentUrl":"https:\/\/www.casolin.com\/wp-content\/uploads\/2023\/04\/logo-casolin.png","width":180,"height":36,"caption":"Casolin"},"image":{"@id":"https:\/\/www.casolin.com\/en\/#\/schema\/logo\/image\/"}}]}},"_links":{"self":[{"href":"https:\/\/www.casolin.com\/fr\/wp-json\/wp\/v2\/pages\/6593","targetHints":{"allow":["GET"]}}],"collection":[{"href":"https:\/\/www.casolin.com\/fr\/wp-json\/wp\/v2\/pages"}],"about":[{"href":"https:\/\/www.casolin.com\/fr\/wp-json\/wp\/v2\/types\/page"}],"author":[{"embeddable":true,"href":"https:\/\/www.casolin.com\/fr\/wp-json\/wp\/v2\/users\/1"}],"replies":[{"embeddable":true,"href":"https:\/\/www.casolin.com\/fr\/wp-json\/wp\/v2\/comments?post=6593"}],"version-history":[{"count":0,"href":"https:\/\/www.casolin.com\/fr\/wp-json\/wp\/v2\/pages\/6593\/revisions"}],"wp:attachment":[{"href":"https:\/\/www.casolin.com\/fr\/wp-json\/wp\/v2\/media?parent=6593"}],"curies":[{"name":"wp","href":"https:\/\/api.w.org\/{rel}","templated":true}]}}